{"id":71,"date":"2025-12-30T10:24:51","date_gmt":"2025-12-30T10:24:51","guid":{"rendered":"http:\/\/potnij.pl\/?page_id=71"},"modified":"2025-12-30T10:24:51","modified_gmt":"2025-12-30T10:24:51","slug":"w-trakcie-budowy","status":"publish","type":"page","link":"http:\/\/potnij.pl\/en\/w-trakcie-budowy\/","title":{"rendered":"W trakcie budowy"},"content":{"rendered":"<section class=\"bg-primary h-dvh not-prose overflow-hidden pl-5 pr-5 wp-block-motyw-3xd-underconstruction-section\">\n    <div class=\"flex flex-col h-full items-center justify-center max-w-screen-xl ml-auto mr-auto pt-10\">\n        <h3 class=\"font-RedHatDisplay font-semibold leading-10 text-3xl text-center text-white lg:leading-16 lg:text-[54px]\">Strona w budowie<\/h3>\n        <img decoding=\"async\" src=\"http:\/\/potnij.pl\/wp-content\/themes\/3XD\/inc\/img\/underconstruction.webp\" class=\"max-w-81 mb-6 mt-10 w-full\">\n        <p class=\"font-SpaceGrotesk font-medium leading-8 pb-10 text-[21px] text-center text-secondary\">Ta sekcja jest obecnie przygotowywana. Zajrzyj do nas p\u00f3\u017aniej.<\/p><a href=\"http:\/\/potnij.pl\/en\" class=\"!border-solid block border border-white duration-300 group px-5 py-2 w-max hover:bg-white\"><span class=\"duration-300 font-SpaceGrotesk font-bold leading-6 text-sm text-white group-hover:text-primary lg:font-bold lg:leading-6 lg:text-sm\">Wr\u00f3\u0107 do strony g\u0142\u00f3wnej<\/span><\/a>\n    <\/div>\n<\/section>","protected":false},"excerpt":{"rendered":"","protected":false},"author":1,"featured_media":0,"parent":0,"menu_order":0,"comment_status":"closed","ping_status":"closed","template":"","meta":{"footnotes":""},"class_list":["post-71","page","type-page","status-publish","hentry"],"_links":{"self":[{"href":"http:\/\/potnij.pl\/en\/wp-json\/wp\/v2\/pages\/71","targetHints":{"allow":["GET"]}}],"collection":[{"href":"http:\/\/potnij.pl\/en\/wp-json\/wp\/v2\/pages"}],"about":[{"href":"http:\/\/potnij.pl\/en\/wp-json\/wp\/v2\/types\/page"}],"author":[{"embeddable":true,"href":"http:\/\/potnij.pl\/en\/wp-json\/wp\/v2\/users\/1"}],"replies":[{"embeddable":true,"href":"http:\/\/potnij.pl\/en\/wp-json\/wp\/v2\/comments?post=71"}],"version-history":[{"count":1,"href":"http:\/\/potnij.pl\/en\/wp-json\/wp\/v2\/pages\/71\/revisions"}],"predecessor-version":[{"id":72,"href":"http:\/\/potnij.pl\/en\/wp-json\/wp\/v2\/pages\/71\/revisions\/72"}],"wp:attachment":[{"href":"http:\/\/potnij.pl\/en\/wp-json\/wp\/v2\/media?parent=71"}],"curies":[{"name":"wp","href":"https:\/\/api.w.org\/{rel}","templated":true}]}}